{"id":16,"date":"2014-10-01T13:54:01","date_gmt":"2014-10-01T11:54:01","guid":{"rendered":"http:\/\/www.willygex.com\/?page_id=16"},"modified":"2024-11-10T21:11:00","modified_gmt":"2024-11-10T19:11:00","slug":"photos-du-monde","status":"publish","type":"page","link":"https:\/\/www.willygex.com\/?page_id=16","title":{"rendered":"PHOTOS \/ VID\u00c9OS"},"content":{"rendered":"\n<figure class=\"wp-block-embed is-type-video is-provider-youtube wp-block-embed-youtube aligncenter wp-embed-aspect-16-9 wp-has-aspect-ratio\"><div class=\"wp-block-embed__wrapper\">\n<iframe title=\"ITINE RAIRES BIS - Les singes avaient raison ! William GEX\" width=\"500\" height=\"281\" src=\"https:\/\/www.youtube.com\/embed\/KCHK41HWJc0?feature=oembed\" frameborder=\"0\" allow=\"accelerometer; autoplay; clipboard-write; encrypted-media; gyroscope; picture-in-picture; web-share\" referrerpolicy=\"strict-origin-when-cross-origin\" allowfullscreen><\/iframe>\n<\/div><figcaption class=\"wp-element-caption\">20 ann\u00e9es de voyages et d&rsquo;aventures, 2 ans autour du monde, plus de 50 pays travers\u00e9s. Perdu dans la jungle de Papouasie, \u00e9gar\u00e9 sur les pistes africaines, d\u00e9nonc\u00e9 \u00e0 la police aux portes des ge\u00f4les tha\u00eflandaises ou \u00e0 la recherche d&rsquo;un chaman mexicain pour une exp\u00e9rience initiatique : retrouvez ces histoires dans :<\/figcaption><\/figure>\n\n\n\n<p class=\"has-text-align-center\"><a rel=\"noreferrer noopener\" href=\"https:\/\/www.artisans-voyageurs.com\/itineraire%20bis.html\" data-type=\"URL\" data-id=\"https:\/\/www.artisans-voyageurs.com\/itineraire%20bis.html\" target=\"_blank\">ITIN\u00c9RAIRES BIS<\/a><\/p>\n\n\n\n<p class=\"has-text-align-center\"><a rel=\"noreferrer noopener\" href=\"https:\/\/www.artisans-voyageurs.com\/itineraire%20bis.html\" target=\"_blank\">Ouvrage disponible sur artisans voyageurs<\/a><\/p>\n\n\n<p><a href=\"https:\/\/www.willygex.com\/wp-content\/uploads\/2014\/10\/IMG_1279.jpg\"><img fetchpriority=\"high\" decoding=\"async\" class=\"wp-image-442 aligncenter\" src=\"https:\/\/www.willygex.com\/wp-content\/uploads\/2014\/10\/IMG_1279-450x300.jpg\" alt=\"\" width=\"296\" height=\"197\" srcset=\"https:\/\/www.willygex.com\/wp-content\/uploads\/2014\/10\/IMG_1279-450x300.jpg 450w, https:\/\/www.willygex.com\/wp-content\/uploads\/2014\/10\/IMG_1279-768x512.jpg 768w, https:\/\/www.willygex.com\/wp-content\/uploads\/2014\/10\/IMG_1279-1028x685.jpg 1028w\" sizes=\"(max-width: 296px) 100vw, 296px\" \/><\/a><\/p>\n<p style=\"text-align: center;\">C\u00e9r\u00e9monie du Peyote, Pasto, Colombie<\/p>\n<p><a href=\"https:\/\/www.willygex.com\/wp-content\/uploads\/2014\/10\/Image-20112012.jpg\"><img decoding=\"async\" class=\"aligncenter\" src=\"https:\/\/www.willygex.com\/wp-content\/uploads\/2014\/10\/Image-20112012-300x200.jpg\" alt=\"Image 2011:2012\" width=\"300\" height=\"200\" \/><\/a><\/p>\n<p style=\"text-align: center;\">Rio Putumayo, Colombie<\/p>\n<p style=\"text-align: center;\"><a href=\"https:\/\/www.willygex.com\/wp-content\/uploads\/2014\/10\/Nig\u00e9ria.gif\"><img decoding=\"async\" src=\"https:\/\/www.willygex.com\/wp-content\/uploads\/2014\/10\/Nig\u00e9ria.gif\" alt=\"Nig\u00e9ria\" width=\"300\" height=\"200\" \/><\/a><\/p>\n<p style=\"text-align: center;\">Lagos, Nig\u00e9ria<\/p>\n<p style=\"text-align: center;\"><a href=\"https:\/\/www.willygex.com\/wp-content\/uploads\/2014\/10\/1-Salta-Toile.gif\"><img loading=\"lazy\" decoding=\"async\" src=\"https:\/\/www.willygex.com\/wp-content\/uploads\/2014\/10\/1-Salta-Toile.gif\" alt=\"Quebrada de Huamahuaca, Argentine\" width=\"300\" height=\"200\" \/><\/a><\/p>\n<p style=\"text-align: center;\">Quebrada de Huamahuaca, Argentine<\/p>\n<p style=\"text-align: center;\"><a href=\"https:\/\/www.willygex.com\/wp-content\/uploads\/2014\/10\/Bolivia-es-mi-Tierra.gif\"><img loading=\"lazy\" decoding=\"async\" class=\"aligncenter\" src=\"https:\/\/www.willygex.com\/wp-content\/uploads\/2014\/10\/Bolivia-es-mi-Tierra.gif\" alt=\"Sud Lipez, Bolivie\" width=\"300\" height=\"200\" \/><\/a>\u00a0Sud Lipez, Bolivie<\/p>\n<p style=\"text-align: center;\"><a href=\"https:\/\/www.willygex.com\/wp-content\/uploads\/2014\/10\/Burk.gif\"><img loading=\"lazy\" decoding=\"async\" src=\"https:\/\/www.willygex.com\/wp-content\/uploads\/2014\/10\/Burk.gif\" alt=\"Koudougou, Burkina Faso\" width=\"200\" height=\"300\" \/><\/a><\/p>\n<p style=\"text-align: center;\">Koudougou, Burkina Faso<\/p>\n<p><a href=\"https:\/\/www.willygex.com\/wp-content\/uploads\/2014\/10\/Bateau-en-2.gif\"><img loading=\"lazy\" decoding=\"async\" class=\"aligncenter\" src=\"https:\/\/www.willygex.com\/wp-content\/uploads\/2014\/10\/Bateau-en-2.gif\" alt=\"Entre trinidad et Guayaramerin, Bolivie\" width=\"300\" height=\"200\" \/><\/a><\/p>\n<p style=\"text-align: center;\">Trinidad-Guyaramerin, Bolivie-Br\u00e9sil<\/p>\n<p><a href=\"https:\/\/www.willygex.com\/wp-content\/uploads\/2014\/10\/10-Pub-Yamaha-Ouaga.gif\"><img loading=\"lazy\" decoding=\"async\" class=\"aligncenter\" src=\"https:\/\/www.willygex.com\/wp-content\/uploads\/2014\/10\/10-Pub-Yamaha-Ouaga.gif\" alt=\"Ouaga 2000, Burkina Faso\" width=\"300\" height=\"200\" \/><\/a><\/p>\n<p style=\"text-align: center;\">Ouaga 2000, Burkina Faso<\/p>\n<p><a href=\"https:\/\/www.willygex.com\/wp-content\/uploads\/2014\/10\/9-Fatou-Ouaga.gif\"><img loading=\"lazy\" decoding=\"async\" class=\"size-full wp-image-52 aligncenter\" src=\"https:\/\/www.willygex.com\/wp-content\/uploads\/2014\/10\/9-Fatou-Ouaga.gif\" alt=\"Ouagadougou, Burkina Faso\" width=\"300\" height=\"200\" \/><\/a><\/p>\n<p style=\"text-align: center;\"><span class=\"Apple-style-span\">Ouagadougou, Burkina Faso<\/span><\/p>\n<div id=\"kad-wp-gallery27\" class=\"kad-wp-gallery kad-light-wp-gallery clearfix kt-gallery-column-3 rowtight\"><div class=\"tcol-lg-4 tcol-md-4 tcol-sm-4 tcol-xs-6 tcol-ss-12 g_item\"><div class=\"grid_item kad_gallery_fade_in gallery_item\"><a href=\"https:\/\/www.willygex.com\/wp-content\/uploads\/2014\/10\/IMG_2286.gif\" data-rel=\"lightbox\" class=\"lightboxhover\"><img loading=\"lazy\" decoding=\"async\" src=\"https:\/\/www.willygex.com\/wp-content\/uploads\/2014\/10\/IMG_2286.gif\" width=\"300\" height=\"200\" alt=\"Trinidad, Bolivie\"  class=\"light-dropshaddow\"\/><\/a><\/div><\/div><div class=\"tcol-lg-4 tcol-md-4 tcol-sm-4 tcol-xs-6 tcol-ss-12 g_item\"><div class=\"grid_item kad_gallery_fade_in gallery_item\"><a href=\"https:\/\/www.willygex.com\/wp-content\/uploads\/2014\/10\/IMG_2179.gif\" data-rel=\"lightbox\" class=\"lightboxhover\"><img loading=\"lazy\" decoding=\"async\" src=\"https:\/\/www.willygex.com\/wp-content\/uploads\/2014\/10\/IMG_2179.gif\" width=\"300\" height=\"200\" alt=\"Trinidad, Bolivie\"  class=\"light-dropshaddow\"\/><\/a><\/div><\/div><div class=\"tcol-lg-4 tcol-md-4 tcol-sm-4 tcol-xs-6 tcol-ss-12 g_item\"><div class=\"grid_item kad_gallery_fade_in gallery_item\"><a href=\"https:\/\/www.willygex.com\/wp-content\/uploads\/2014\/10\/Republica-de-Bolivia.gif\" data-rel=\"lightbox\" class=\"lightboxhover\"><img loading=\"lazy\" decoding=\"async\" src=\"https:\/\/www.willygex.com\/wp-content\/uploads\/2014\/10\/Republica-de-Bolivia.gif\" width=\"300\" height=\"124\" alt=\"Fronti\u00e8re, Paraguay-Bolivie\"  class=\"light-dropshaddow\"\/><\/a><\/div><\/div><div class=\"tcol-lg-4 tcol-md-4 tcol-sm-4 tcol-xs-6 tcol-ss-12 g_item\"><div class=\"grid_item kad_gallery_fade_in gallery_item\"><a href=\"https:\/\/www.willygex.com\/wp-content\/uploads\/2014\/10\/Licamcabur-sommet2.gif\" data-rel=\"lightbox\" class=\"lightboxhover\"><img loading=\"lazy\" decoding=\"async\" src=\"https:\/\/www.willygex.com\/wp-content\/uploads\/2014\/10\/Licamcabur-sommet2.gif\" width=\"300\" height=\"200\" alt=\"Du sommet du Licamcabur, Sud Lipez, Bolivie\"  class=\"light-dropshaddow\"\/><\/a><\/div><\/div><div class=\"tcol-lg-4 tcol-md-4 tcol-sm-4 tcol-xs-6 tcol-ss-12 g_item\"><div class=\"grid_item kad_gallery_fade_in gallery_item\"><a href=\"https:\/\/www.willygex.com\/wp-content\/uploads\/2014\/10\/Sud-Lipez-Lagune-Blanche.gif\" data-rel=\"lightbox\" class=\"lightboxhover\"><img loading=\"lazy\" decoding=\"async\" src=\"https:\/\/www.willygex.com\/wp-content\/uploads\/2014\/10\/Sud-Lipez-Lagune-Blanche.gif\" width=\"300\" height=\"200\" alt=\"Lagune blanche, Sud Lipez, Bolivie\"  class=\"light-dropshaddow\"\/><\/a><\/div><\/div><div class=\"tcol-lg-4 tcol-md-4 tcol-sm-4 tcol-xs-6 tcol-ss-12 g_item\"><div class=\"grid_item kad_gallery_fade_in gallery_item\"><a href=\"https:\/\/www.willygex.com\/wp-content\/uploads\/2014\/10\/Sud-Lipez-carte-postale.gif\" data-rel=\"lightbox\" class=\"lightboxhover\"><img loading=\"lazy\" decoding=\"async\" src=\"https:\/\/www.willygex.com\/wp-content\/uploads\/2014\/10\/Sud-Lipez-carte-postale.gif\" width=\"300\" height=\"200\" alt=\"Sud Lipez, Bolivie\"  class=\"light-dropshaddow\"\/><\/a><\/div><\/div><div class=\"tcol-lg-4 tcol-md-4 tcol-sm-4 tcol-xs-6 tcol-ss-12 g_item\"><div class=\"grid_item kad_gallery_fade_in gallery_item\"><a href=\"https:\/\/www.willygex.com\/wp-content\/uploads\/2014\/10\/La-real-y-dad.gif\" data-rel=\"lightbox\" class=\"lightboxhover\"><img loading=\"lazy\" decoding=\"async\" src=\"https:\/\/www.willygex.com\/wp-content\/uploads\/2014\/10\/La-real-y-dad.gif\" width=\"300\" height=\"200\" alt=\"Buenos Aires, Argentine\"  class=\"light-dropshaddow\"\/><\/a><\/div><\/div><div class=\"tcol-lg-4 tcol-md-4 tcol-sm-4 tcol-xs-6 tcol-ss-12 g_item\"><div class=\"grid_item kad_gallery_fade_in gallery_item\"><a href=\"https:\/\/www.willygex.com\/wp-content\/uploads\/2014\/10\/Pancarte.gif\" data-rel=\"lightbox\" class=\"lightboxhover\"><img loading=\"lazy\" decoding=\"async\" src=\"https:\/\/www.willygex.com\/wp-content\/uploads\/2014\/10\/Pancarte.gif\" width=\"300\" height=\"200\" alt=\"Lagos, Nig\u00e9ria\"  class=\"light-dropshaddow\"\/><\/a><\/div><\/div><div class=\"tcol-lg-4 tcol-md-4 tcol-sm-4 tcol-xs-6 tcol-ss-12 g_item\"><div class=\"grid_item kad_gallery_fade_in gallery_item\"><a href=\"https:\/\/www.willygex.com\/wp-content\/uploads\/2014\/10\/Plage-Costa-Rica.jpg\" data-rel=\"lightbox\" class=\"lightboxhover\"><img loading=\"lazy\" decoding=\"async\" src=\"https:\/\/www.willygex.com\/wp-content\/uploads\/2014\/10\/Plage-Costa-Rica-400x400.jpg\" width=\"400\" height=\"400\" alt=\"Puerto Viejo de Talamanca, Costa Rica\" srcset=\"https:\/\/www.willygex.com\/wp-content\/uploads\/2014\/10\/Plage-Costa-Rica-400x400.jpg 400w, https:\/\/www.willygex.com\/wp-content\/uploads\/2014\/10\/Plage-Costa-Rica-150x150.jpg 150w, https:\/\/www.willygex.com\/wp-content\/uploads\/2014\/10\/Plage-Costa-Rica-800x800.jpg 800w\" sizes=\"(max-width: 400px) 100vw, 400px\" class=\"light-dropshaddow\"\/><\/a><\/div><\/div><\/div>\n<figure id=\"attachment_354\" class=\"thumbnail wp-caption aligncenter\" style=\"width: 300px\"><a href=\"https:\/\/www.willygex.com\/wp-content\/uploads\/2014\/10\/MG_7328.jpg\"><img loading=\"lazy\" decoding=\"async\" class=\"size-medium wp-image-354\" src=\"https:\/\/www.willygex.com\/wp-content\/uploads\/2014\/10\/MG_7328-300x200.jpg\" alt=\"Puerto Viejo, Costa Rica\" width=\"300\" height=\"200\" srcset=\"https:\/\/www.willygex.com\/wp-content\/uploads\/2014\/10\/MG_7328-300x200.jpg 300w, https:\/\/www.willygex.com\/wp-content\/uploads\/2014\/10\/MG_7328-1024x682.jpg 1024w\" sizes=\"(max-width: 300px) 100vw, 300px\" \/><\/a><figcaption class=\"caption wp-caption-text\">Puerto Viejo de Talamanca, Costa Rica<\/figcaption><\/figure>\n\n\n<p class=\"has-text-align-center\"><\/p>\n\n\n\n<p class=\"has-text-align-center\"><a href=\"https:\/\/www.willygex.com\/\">Revenir \u00e0 l&rsquo;accueil<\/a><\/p>\n\n\n\n<p><\/p>\n\n\n\n<div class=\"wp-block-columns is-layout-flex wp-container-core-columns-is-layout-9d6595d7 wp-block-columns-is-layout-flex\">\n<div class=\"wp-block-column is-layout-flow wp-block-column-is-layout-flow\">\n<div class=\"wp-block-columns is-layout-flex wp-container-core-columns-is-layout-9d6595d7 wp-block-columns-is-layout-flex\">\n<div class=\"wp-block-column is-layout-flow wp-block-column-is-layout-flow\"><\/div>\n\n\n\n<div class=\"wp-block-column is-layout-flow wp-block-column-is-layout-flow\">\n<figure class=\"wp-block-image size-full is-resized\"><a href=\"mailto:willygex@gmail.com\" target=\"_blank\" rel=\"noreferrer noopener\"><img loading=\"lazy\" decoding=\"async\" width=\"512\" height=\"512\" src=\"https:\/\/www.willygex.com\/wp-content\/uploads\/2022\/08\/mail.png\" alt=\"\" class=\"wp-image-698\" style=\"width:54px;height:54px\" srcset=\"https:\/\/www.willygex.com\/wp-content\/uploads\/2022\/08\/mail.png 512w, https:\/\/www.willygex.com\/wp-content\/uploads\/2022\/08\/mail-300x300.png 300w, https:\/\/www.willygex.com\/wp-content\/uploads\/2022\/08\/mail-150x150.png 150w\" sizes=\"(max-width: 512px) 100vw, 512px\" \/><\/a><\/figure>\n<\/div>\n<\/div>\n<\/div>\n\n\n\n<div class=\"wp-block-column is-layout-flow wp-block-column-is-layout-flow\">\n<div class=\"wp-block-columns is-layout-flex wp-container-core-columns-is-layout-9d6595d7 wp-block-columns-is-layout-flex\">\n<div class=\"wp-block-column is-layout-flow wp-block-column-is-layout-flow\">\n<figure class=\"wp-block-image size-full is-resized\"><a href=\"https:\/\/fr-fr.facebook.com\/william.gex\" target=\"_blank\" rel=\"noreferrer noopener\"><img loading=\"lazy\" decoding=\"async\" width=\"430\" height=\"428\" src=\"https:\/\/www.willygex.com\/wp-content\/uploads\/2022\/08\/fb.jpg\" alt=\"\" class=\"wp-image-699\" style=\"width:55px;height:55px\" srcset=\"https:\/\/www.willygex.com\/wp-content\/uploads\/2022\/08\/fb.jpg 430w, https:\/\/www.willygex.com\/wp-content\/uploads\/2022\/08\/fb-301x300.jpg 301w, https:\/\/www.willygex.com\/wp-content\/uploads\/2022\/08\/fb-150x150.jpg 150w\" sizes=\"(max-width: 430px) 100vw, 430px\" \/><\/a><\/figure>\n<\/div>\n\n\n\n<div class=\"wp-block-column is-layout-flow wp-block-column-is-layout-flow\">\n<figure class=\"wp-block-image size-full is-resized\"><a href=\"https:\/\/www.instagram.com\/willygex_spoken\/\" target=\"_blank\" rel=\"noreferrer noopener\"><img loading=\"lazy\" decoding=\"async\" width=\"426\" height=\"430\" src=\"https:\/\/www.willygex.com\/wp-content\/uploads\/2022\/08\/insta.jpg\" alt=\"\" class=\"wp-image-700\" style=\"width:54px;height:54px\" srcset=\"https:\/\/www.willygex.com\/wp-content\/uploads\/2022\/08\/insta.jpg 426w, https:\/\/www.willygex.com\/wp-content\/uploads\/2022\/08\/insta-297x300.jpg 297w, https:\/\/www.willygex.com\/wp-content\/uploads\/2022\/08\/insta-150x150.jpg 150w\" sizes=\"(max-width: 426px) 100vw, 426px\" \/><\/a><\/figure>\n<\/div>\n<\/div>\n<\/div>\n\n\n\n<div class=\"wp-block-column is-layout-flow wp-block-column-is-layout-flow\">\n<div class=\"wp-block-columns is-layout-flex wp-container-core-columns-is-layout-9d6595d7 wp-block-columns-is-layout-flex\">\n<div class=\"wp-block-column is-layout-flow wp-block-column-is-layout-flow\"><\/div>\n\n\n\n<div class=\"wp-block-column is-layout-flow wp-block-column-is-layout-flow\"><\/div>\n<\/div>\n<\/div>\n<\/div>\n","protected":false},"excerpt":{"rendered":"<p>ITIN\u00c9RAIRES BIS Ouvrage disponible sur artisans voyageurs C\u00e9r\u00e9monie du Peyote, Pasto, Colombie Rio Putumayo, Colombie Lagos, Nig\u00e9ria Quebrada de Huamahuaca, Argentine \u00a0Sud Lipez, Bolivie Koudougou, Burkina Faso Trinidad-Guyaramerin, Bolivie-Br\u00e9sil Ouaga 2000, Burkina Faso Ouagadougou, Burkina Faso Revenir \u00e0 l&rsquo;accueil<\/p>\n","protected":false},"author":1,"featured_media":51,"parent":0,"menu_order":0,"comment_status":"closed","ping_status":"closed","template":"","meta":{"kt_blocks_editor_width":"","_EventAllDay":false,"_EventTimezone":"","_EventStartDate":"","_EventEndDate":"","_EventStartDateUTC":"","_EventEndDateUTC":"","_EventShowMap":false,"_EventShowMapLink":false,"_EventURL":"","_EventCost":"","_EventCostDescription":"","_EventCurrencySymbol":"","_EventCurrencyCode":"","_EventCurrencyPosition":"","_EventDateTimeSeparator":"","_EventTimeRangeSeparator":"","_EventOrganizerID":[],"_EventVenueID":[],"_OrganizerEmail":"","_OrganizerPhone":"","_OrganizerWebsite":"","_VenueAddress":"","_VenueCity":"","_VenueCountry":"","_VenueProvince":"","_VenueState":"","_VenueZip":"","_VenuePhone":"","_VenueURL":"","_VenueStateProvince":"","_VenueLat":"","_VenueLng":"","_VenueShowMap":false,"_VenueShowMapLink":false,"footnotes":""},"class_list":["post-16","page","type-page","status-publish","has-post-thumbnail","hentry"],"_links":{"self":[{"href":"https:\/\/www.willygex.com\/index.php?rest_route=\/wp\/v2\/pages\/16","targetHints":{"allow":["GET"]}}],"collection":[{"href":"https:\/\/www.willygex.com\/index.php?rest_route=\/wp\/v2\/pages"}],"about":[{"href":"https:\/\/www.willygex.com\/index.php?rest_route=\/wp\/v2\/types\/page"}],"author":[{"embeddable":true,"href":"https:\/\/www.willygex.com\/index.php?rest_route=\/wp\/v2\/users\/1"}],"replies":[{"embeddable":true,"href":"https:\/\/www.willygex.com\/index.php?rest_route=%2Fwp%2Fv2%2Fcomments&post=16"}],"version-history":[{"count":57,"href":"https:\/\/www.willygex.com\/index.php?rest_route=\/wp\/v2\/pages\/16\/revisions"}],"predecessor-version":[{"id":1128,"href":"https:\/\/www.willygex.com\/index.php?rest_route=\/wp\/v2\/pages\/16\/revisions\/1128"}],"wp:featuredmedia":[{"embeddable":true,"href":"https:\/\/www.willygex.com\/index.php?rest_route=\/wp\/v2\/media\/51"}],"wp:attachment":[{"href":"https:\/\/www.willygex.com\/index.php?rest_route=%2Fwp%2Fv2%2Fmedia&parent=16"}],"curies":[{"name":"wp","href":"https:\/\/api.w.org\/{rel}","templated":true}]}}