{"id":767,"date":"2022-09-07T12:39:55","date_gmt":"2022-09-07T10:39:55","guid":{"rendered":"https:\/\/www.willygex.com\/?page_id=767"},"modified":"2025-08-30T18:43:05","modified_gmt":"2025-08-30T16:43:05","slug":"association-alternative-poesie-2","status":"publish","type":"page","link":"https:\/\/www.willygex.com\/?page_id=767","title":{"rendered":"ASSOCIATION ALTERNATIVE POESIE"},"content":{"rendered":"\n<p><\/p>\n\n\n\n<h2 class=\"wp-block-heading\"><strong>Alternative Po\u00e9sie<\/strong> est une association loi 1901 cr\u00e9\u00e9e en octobre 2011 pour d\u00e9mocratiser la po\u00e9sie vivante \u00e0 l\u2019aide d\u2019ateliers et de sc\u00e8nes d\u2019expression po\u00e9tique.<\/h2>\n\n\n\n<p>Alternative Po\u00e9sie s\u2019inscrit dans un travail \u00e9ducatif, artistique, p\u00e9dagogique et culturel de promotion de la langue fran\u00e7aise autour des valeurs d\u2019\u00e9coute et de partage.<\/p>\n\n\n\n<p>Son action rel\u00e8ve d\u2019une double d\u00e9marche&nbsp;:<br>* <strong>P\u00e9dagogique<\/strong> autour de l\u2019expression \u00e9crite et orale<br>* De <strong>promotion<\/strong> de la po\u00e9sie vivante.<\/p>\n\n\n\n<p><\/p>\n\n\n\n<p>Elle intervient \u00e0 travers<strong> 4 axes principaux<\/strong> :<br>* Les ateliers d\u2019\u00e9criture<br>* Les sc\u00e8nes ouvertes<br>* Les slams\/tournois (ou comp\u00e9titions) de po\u00e9sie<br>* Les performances et spectacles de Spoken Word<\/p>\n\n\n\n<div class=\"wp-block-columns is-layout-flex wp-container-core-columns-is-layout-9d6595d7 wp-block-columns-is-layout-flex\">\n<div class=\"wp-block-column is-layout-flow wp-block-column-is-layout-flow\" style=\"flex-basis:100%\"><\/div>\n<\/div>\n\n\n\n<p><strong>Les ATELIERS&nbsp;<\/strong>ludiques, pratiques, p\u00e9dagogiques s\u2019articulent en 3 phases&nbsp;:<\/p>\n\n\n\n<ul class=\"wp-block-list\">\n<li>Des jeux de d\u00e9construction po\u00e9tique (cut-up, prendre corps, po\u00e8me tic-tac, textes fendus,\u2026)<\/li>\n\n\n\n<li>Un temps d\u2019\u00e9criture autour de th\u00e8mes libres ou pr\u00e9d\u00e9finis, seul ou \u00e0 plusieurs<\/li>\n\n\n\n<li>Un travail de d\u00e9coupage du texte \u00e9crit et de mise en voix<\/li>\n<\/ul>\n\n\n\n<p>Enfin il nous para\u00eet important de valoriser tout ce travail par un passage sur sc\u00e8ne.<\/p>\n\n\n\n<p><strong>Autrices et auteurs sont les actrices et acteurs de leur po\u00e9sie.<\/strong><\/p>\n\n\n\n<p>Nous accordons de l\u2019importance aux <strong>cr\u00e9ations c<\/strong><strong>ollecti<\/strong><strong>ves<\/strong>. Les po\u00e8mes \u00e0 plusieurs voix renforcent la <strong>coh\u00e9sion<\/strong> entre \u00e9l\u00e8ves et leur permettent de <strong>partager<\/strong> autour de la<strong> langue fran\u00e7aise<\/strong>.<\/p>\n\n\n\n<p>Nous pouvons <strong>moduler <\/strong>les ateliers afin de travailler plus pr\u00e9cis\u00e9ment l\u2019\u00e9criture avec un <strong>champ s\u00e9mantique <\/strong>ou <strong>lexical,<\/strong> un <strong>th\u00e8me<\/strong>, en associant une sonorit\u00e9 (rimes, syntaxe, grammaire) \u00e0 une id\u00e9e, en discutant pertinence et originalit\u00e9&nbsp;; tout comme nous pouvons mettre l\u2019accent sur <strong>l\u2019oralit\u00e9<\/strong> (posture, regard, mouvement, sentiment, \u00e9motion, ton et diction).<\/p>\n\n\n\n<p>Ce travail peut-\u00eatre prolong\u00e9 avec une mise en musique \u00e0 l&rsquo;aide du guitariste professionnel Xavier Denis (DEM Musiques improvis\u00e9es, M\u00e9moire sur le rapport entre la musique et l&rsquo;\u00e9criture) afin de proposer un spectacle de Spoken Word<\/p>\n\n\n\n<p><strong>Depuis 2011, <\/strong>plus de <strong>500 ateliers <\/strong>ont \u00e9t\u00e9 dispens\u00e9s dans des <strong>\u00e9coles primaires<\/strong> (Aurillac, C\u00e9bazat, Ch\u00e2tel-Guyon, Chappes, Riom, Neuilly-le-R\u00e9al, Projet Sacem Fabrique \u00e0 Chanson, Ecole Chassignol Cusset (03), des <strong>coll\u00e8ges<\/strong> Lucie Aubrac (63), St-Dominique de Vichy (03), PM France \u00e0 Riom (63), St-Saturnin (63), Anna Rodier de Moulins (03) ou de Chamali\u00e8res, Clermont-Fd, Cournon, Gerzat, Les Ancizes, Moulins, Pontaumur, Riom, Rochefort-Montagne, Vichy, Moulins, Montlu\u00e7on&#8230; ou <strong>des lyc\u00e9es<\/strong>  Paul Constans \u00e0 Montlu\u00e7on (03), EPL du Bourbonnais (03), Lyc\u00e9e L.Pasteur (15), Leap Ennezat (63), Lyc\u00e9es Gergovie et Marmilhat \u00e0 Clermont-Fd (63) ou encore Aurillac, Brioude. D&rsquo;autres interventions se sont d\u00e9roul\u00e9es dans des <strong>structures locales Clermontoises<\/strong>&nbsp;: Foyer de Jeunes du Corum St-Jean (5 ann\u00e9es d\u2019ateliers hebdomadaire), Universit\u00e9 Clermont Auvergne (UCA), maisons de quartier, ALS 63 (Atelier Logement Solidaire), ANEF 63 (Association Nationale d&rsquo;Entraide), ITSRA, ATD Quart-Monde 63, Centre George Brassens ou <strong><strong>r\u00e9gionales<\/strong><\/strong>&nbsp;: maison des jeunes Issoire, Centre Educatif Ferm\u00e9 de Pionsat, ADAPEI des Martres-de-Veyre, EHPAD, Foyer Ouvert de Mozac, Maison des Jeunes de Vic-le-Comte, Cabaret Le Poulailler de Saint-Pierre Roche, La Cimade 43, Le Gram de Lyon (69), Ma th\u00e8se en 180 secondes \u00e0 Clermont-Fd, Maison d&rsquo;arr\u00eat Moulins-Yzeure (63),&#8230; L&rsquo;association a m\u00eame <strong>une envergure nationale<\/strong> College de Bram (11), Lyc\u00e9e La Roque \u00e0 Rodez (12), Institution St Madeleine \u00e0 B\u00e9ziers (34), Lyc\u00e9e Le gros Ch\u00eane &#8211; Pontivy (56), Lyc\u00e9e St-Ilan &#8211; Langueux (22), Lyc\u00e9e professionnel &#8211; St-Aubin du Cormier (35), Lyc\u00e9e agricole &#8211; Montargis (45) et une <strong>dimension internationale<\/strong> Association France Qu\u00e9bec, Goma Dance Festival &#8211; Goma (RDC), Bukavu (RDC), B\u00e9nin&#8230;<\/p>\n\n\n\n<p>De 2015 \u00e0 2018, des <strong>finales<\/strong> <strong>inter-\u00e9tablissements<\/strong> se sont d\u00e9roul\u00e9es \u00e0 la Puce \u00e0 l\u2019Oreille \u00e0 Riom. Lors de ces rencontres po\u00e9tiques, se sont crois\u00e9s sur sc\u00e8ne des jeunes de cultures diverses, issus de milieux sociaux diff\u00e9rents comme d\u2019institutions publiques ou priv\u00e9es.<\/p>\n\n\n\n<p>Depuis 2020, l&rsquo;association s&rsquo;est encore davantage orient\u00e9e vers le spectacle vivant, principalement le spoken word, avec la mise en musique r\u00e9guli\u00e8re des ateliers d&rsquo;\u00e9criture notamment par le guitariste professionnel Xavier Denis.<\/p>\n\n\n\n<p><strong>Nos INTERVENANTS<\/strong><\/p>\n\n\n<div class=\"wp-block-image\">\n<figure class=\"alignright size-full is-resized\"><img fetchpriority=\"high\" decoding=\"async\" width=\"403\" height=\"317\" src=\"https:\/\/www.willygex.com\/wp-content\/uploads\/2022\/09\/WGex.jpg\" alt=\"\" class=\"wp-image-845\" style=\"width:214px;height:169px\" srcset=\"https:\/\/www.willygex.com\/wp-content\/uploads\/2022\/09\/WGex.jpg 403w, https:\/\/www.willygex.com\/wp-content\/uploads\/2022\/09\/WGex-381x300.jpg 381w\" sizes=\"(max-width: 403px) 100vw, 403px\" \/><\/figure>\n<\/div>\n\n\n<p>D\u2019un tour du monde en sc\u00e8nes et tournois slam <strong>WillyGex<\/strong> observe et s&rsquo;inspire de ses exp\u00e9riences : voyageur infatigable, photographe, \u00e9crivain (recueil de nouvelles de voyages <em>Itin\u00e9raires bis <\/em>publi\u00e9 en 2014 chez Artisans Voyageurs), professeur ou musicien, ce po\u00e8te-voyageur jongle avec les mots. Du populaire <em>Gex\u2019plique<\/em> \u00e0 l<em>\u2019Effet Papillon<\/em> en passant par <em>Je suis femme<\/em>, d\u00e9couvrez-le sur U-tube ou sur sc\u00e8ne dans ses spectacles de Spoken Word. L&rsquo;album 6 titres <em><a href=\"https:\/\/youtube.com\/playlist?list=OLAK5uy_kHfKq-euBCP6emTR7H8Zl90ZqpIpsN5aE&amp;feature=shared\" data-type=\"link\" data-id=\"https:\/\/youtube.com\/playlist?list=OLAK5uy_kHfKq-euBCP6emTR7H8Zl90ZqpIpsN5aE&amp;feature=shared\">Gex&rsquo;plore<\/a><\/em> est en ligne sur les plateformes de musique depuis l&rsquo;\u00e9t\u00e9 2024.<\/p>\n\n\n<div class=\"wp-block-image\">\n<figure class=\"alignright size-full is-resized\"><img decoding=\"async\" width=\"385\" height=\"384\" src=\"https:\/\/www.willygex.com\/wp-content\/uploads\/2022\/09\/DNiakate.jpg\" alt=\"\" class=\"wp-image-846\" style=\"width:186px;height:185px\" srcset=\"https:\/\/www.willygex.com\/wp-content\/uploads\/2022\/09\/DNiakate.jpg 385w, https:\/\/www.willygex.com\/wp-content\/uploads\/2022\/09\/DNiakate-301x300.jpg 301w, https:\/\/www.willygex.com\/wp-content\/uploads\/2022\/09\/DNiakate-150x150.jpg 150w, https:\/\/www.willygex.com\/wp-content\/uploads\/2022\/09\/DNiakate-144x144.jpg 144w\" sizes=\"(max-width: 385px) 100vw, 385px\" \/><\/figure>\n<\/div>\n\n\n<p><\/p>\n\n\n\n<p>Fervent d\u00e9fenseur de la culture orale <strong>Gaby sans L<\/strong> est un amoureux des belles histoires. Ses mots touchent, il s\u00e9duit par sa sensibilit\u00e9 et son tendre univers po\u00e9tique. Dans <em>Nanou<\/em>, il retrouve sa nounou sur Facebook ou rend hommage aux femmes nobelis\u00e9es dans <em>Nos Belles<\/em>. De sc\u00e8nes ouvertes en tournois, on retrouve \u00e9galement ce po\u00e8te r\u00e9f\u00e9rent de la sc\u00e8ne auvergnate accompagn\u00e9 par sa muse \u00e0 l\u2019accord\u00e9on.<\/p>\n\n\n<div class=\"wp-block-image\">\n<figure class=\"alignright size-full is-resized\"><img decoding=\"async\" width=\"704\" height=\"1028\" src=\"https:\/\/www.willygex.com\/wp-content\/uploads\/2023\/11\/Xavier-Denis-Guinguette-FolAllier-704x1028-1.jpg\" alt=\"\" class=\"wp-image-933\" style=\"aspect-ratio:0.6848249027237354;width:150px;height:auto\" srcset=\"https:\/\/www.willygex.com\/wp-content\/uploads\/2023\/11\/Xavier-Denis-Guinguette-FolAllier-704x1028-1.jpg 704w, https:\/\/www.willygex.com\/wp-content\/uploads\/2023\/11\/Xavier-Denis-Guinguette-FolAllier-704x1028-1-205x300.jpg 205w\" sizes=\"(max-width: 704px) 100vw, 704px\" \/><\/figure>\n<\/div>\n\n\n<p>Intermittent du spectacle pendant plus de 15 ans dans les domaines du jazz, des musiques actuelles et improvis\u00e9es ainsi que co-organisateur de concerts, d&rsquo;expositions et de r\u00e9sidences (Art contemporain et jazz), <strong>Xavier Denis<\/strong> est d\u00e9sormais directeur d\u2019\u00e9cole de musique. Particuli\u00e8rement sensible au rapport entre l\u2019improvisation musicale et l\u2019\u00e9criture, il en fait le sujet de son m\u00e9moire de DEM (Dipl\u00f4me d\u2019\u00c9tudes Musicales). Animateur d&rsquo;ateliers d&rsquo;\u00e9criture, ce musicien hors pair a la capacit\u00e9 de cr\u00e9er instantan\u00e9ment des ambiances musicales vari\u00e9es aux couleurs m\u00e9lodiques, rythmiques, liquides ou m\u00eame spatiales qui viennent parfaitement illustrer les textes des po\u00e8tes.<\/p>\n\n\n\n<figure class=\"wp-block-image size-full is-resized\"><img loading=\"lazy\" decoding=\"async\" width=\"400\" height=\"395\" src=\"https:\/\/www.willygex.com\/wp-content\/uploads\/2022\/08\/Logo-Alternative-Poesie.jpg\" alt=\"\" class=\"wp-image-745\" style=\"width:330px;height:326px\" srcset=\"https:\/\/www.willygex.com\/wp-content\/uploads\/2022\/08\/Logo-Alternative-Poesie.jpg 400w, https:\/\/www.willygex.com\/wp-content\/uploads\/2022\/08\/Logo-Alternative-Poesie-304x300.jpg 304w\" sizes=\"(max-width: 400px) 100vw, 400px\" \/><\/figure>\n\n\n\n<p><strong>PRESTATIONS&nbsp;:<\/strong><\/p>\n\n\n\n<p><strong>Le tarif des ateliers&nbsp;est de <\/strong>65\u20ac TTC par heure et par intervenant pour 15 participant\u00b7e\u00b7s maximum, hors frais de d\u00e9placements (bar\u00e8me fiscal 2023).<\/p>\n\n\n\n<p>Une initiation de 2h peut permettre de d\u00e9couvrir le slam. Sinon pour \u00e9crire et pr\u00e9parer \u00e0 d\u00e9clamer un texte, un minimum de 6h nous para\u00eet pertinent (2h de d\u00e9construction po\u00e9tique + 2h d\u2019\u00e9criture + 2h de mise en voix) mais le nombre d\u2019heures d\u2019interventions correspond en premier lieu \u00e0 votre projet et vos besoins.<\/p>\n\n\n\n<figure class=\"wp-block-table aligncenter\"><table><tbody><tr><td><strong>Alternative Po\u00e9sie<\/strong> 76 Rue des Chanelles 63000 Clermont-Ferrand<br><strong>Contacts <\/strong>: <a href=\"mailto:alternativepoesie@yahoo.fr\">alternativepoesie@yahoo.fr<\/a><br>William Gex \/ 06 89 35 93 03 \/ <a href=\"mailto:willygex@gmail.com\">willygex@gmail.com<\/a><br>Djibril Niakate \/ 06 20 10 12 13 \/ <a href=\"mailto:djib.n@wanadoo.fr\">djib.n@wanadoo.fr<\/a><br>Association loi 1901&nbsp;\/ Num\u00e9ro SIRET&nbsp;: 538&nbsp;057&nbsp;092 00016 \/ APE 9001Z<\/td><\/tr><\/tbody><\/table><\/figure>\n\n\n<div class=\"wp-block-image\">\n<figure class=\"aligncenter size-large is-resized\"><img loading=\"lazy\" decoding=\"async\" width=\"1028\" height=\"396\" src=\"https:\/\/www.willygex.com\/wp-content\/uploads\/2022\/08\/Logo-phrase-Alter-Po-e1664305657307-1028x396.jpg\" alt=\"\" class=\"wp-image-746\" style=\"width:521px;height:200px\" srcset=\"https:\/\/www.willygex.com\/wp-content\/uploads\/2022\/08\/Logo-phrase-Alter-Po-e1664305657307-1028x396.jpg 1028w, https:\/\/www.willygex.com\/wp-content\/uploads\/2022\/08\/Logo-phrase-Alter-Po-e1664305657307-500x192.jpg 500w, https:\/\/www.willygex.com\/wp-content\/uploads\/2022\/08\/Logo-phrase-Alter-Po-e1664305657307-768x296.jpg 768w, https:\/\/www.willygex.com\/wp-content\/uploads\/2022\/08\/Logo-phrase-Alter-Po-e1664305657307-1536x591.jpg 1536w, https:\/\/www.willygex.com\/wp-content\/uploads\/2022\/08\/Logo-phrase-Alter-Po-e1664305657307.jpg 2048w\" sizes=\"(max-width: 1028px) 100vw, 1028px\" \/><\/figure>\n<\/div>\n\n\n<p><\/p>\n\n\n\n<p class=\"has-text-align-center\"><a href=\"https:\/\/www.willygex.com\">Revenir \u00e0 l&rsquo;accueil<\/a><\/p>\n\n\n\n<div class=\"wp-block-columns is-layout-flex wp-container-core-columns-is-layout-9d6595d7 wp-block-columns-is-layout-flex\">\n<div class=\"wp-block-column is-layout-flow wp-block-column-is-layout-flow\">\n<div class=\"wp-block-columns is-layout-flex wp-container-core-columns-is-layout-9d6595d7 wp-block-columns-is-layout-flex\">\n<div class=\"wp-block-column is-layout-flow wp-block-column-is-layout-flow\"><\/div>\n\n\n\n<div class=\"wp-block-column is-layout-flow wp-block-column-is-layout-flow\"><div class=\"wp-block-image\">\n<figure class=\"aligncenter size-full is-resized\"><a href=\"mailto:willygex@gmail.com\" target=\"_blank\" rel=\"noreferrer noopener\"><img loading=\"lazy\" decoding=\"async\" width=\"512\" height=\"512\" src=\"https:\/\/www.willygex.com\/wp-content\/uploads\/2022\/08\/mail.png\" alt=\"\" class=\"wp-image-698\" style=\"width:60px;height:60px\" srcset=\"https:\/\/www.willygex.com\/wp-content\/uploads\/2022\/08\/mail.png 512w, https:\/\/www.willygex.com\/wp-content\/uploads\/2022\/08\/mail-300x300.png 300w, https:\/\/www.willygex.com\/wp-content\/uploads\/2022\/08\/mail-150x150.png 150w\" sizes=\"(max-width: 512px) 100vw, 512px\" \/><\/a><\/figure>\n<\/div><\/div>\n<\/div>\n<\/div>\n\n\n\n<div class=\"wp-block-column is-layout-flow wp-block-column-is-layout-flow\">\n<div class=\"wp-block-columns is-layout-flex wp-container-core-columns-is-layout-9d6595d7 wp-block-columns-is-layout-flex\">\n<div class=\"wp-block-column is-layout-flow wp-block-column-is-layout-flow\">\n<figure class=\"wp-block-image size-full is-resized\"><a href=\"https:\/\/fr-fr.facebook.com\/william.gex\" target=\"_blank\" rel=\"noreferrer noopener\"><img loading=\"lazy\" decoding=\"async\" width=\"430\" height=\"428\" src=\"https:\/\/www.willygex.com\/wp-content\/uploads\/2022\/08\/fb.jpg\" alt=\"\" class=\"wp-image-699\" style=\"width:59px;height:58px\" srcset=\"https:\/\/www.willygex.com\/wp-content\/uploads\/2022\/08\/fb.jpg 430w, https:\/\/www.willygex.com\/wp-content\/uploads\/2022\/08\/fb-301x300.jpg 301w, https:\/\/www.willygex.com\/wp-content\/uploads\/2022\/08\/fb-150x150.jpg 150w\" sizes=\"(max-width: 430px) 100vw, 430px\" \/><\/a><\/figure>\n<\/div>\n\n\n\n<div class=\"wp-block-column is-layout-flow wp-block-column-is-layout-flow\">\n<figure class=\"wp-block-image size-full is-resized\"><a href=\"https:\/\/www.instagram.com\/willygex_spoken\/\" target=\"_blank\" rel=\"noreferrer noopener\"><img loading=\"lazy\" decoding=\"async\" width=\"426\" height=\"430\" src=\"https:\/\/www.willygex.com\/wp-content\/uploads\/2022\/08\/insta.jpg\" alt=\"\" class=\"wp-image-700\" style=\"width:61px;height:62px\" srcset=\"https:\/\/www.willygex.com\/wp-content\/uploads\/2022\/08\/insta.jpg 426w, https:\/\/www.willygex.com\/wp-content\/uploads\/2022\/08\/insta-297x300.jpg 297w, https:\/\/www.willygex.com\/wp-content\/uploads\/2022\/08\/insta-150x150.jpg 150w\" sizes=\"(max-width: 426px) 100vw, 426px\" \/><\/a><\/figure>\n<\/div>\n<\/div>\n<\/div>\n\n\n\n<div class=\"wp-block-column is-layout-flow wp-block-column-is-layout-flow\">\n<div class=\"wp-block-columns is-layout-flex wp-container-core-columns-is-layout-9d6595d7 wp-block-columns-is-layout-flex\">\n<div class=\"wp-block-column is-layout-flow wp-block-column-is-layout-flow\"><\/div>\n\n\n\n<div class=\"wp-block-column is-layout-flow wp-block-column-is-layout-flow\"><\/div>\n<\/div>\n<\/div>\n<\/div>\n","protected":false},"excerpt":{"rendered":"<p>Alternative Po\u00e9sie est une association loi 1901 cr\u00e9\u00e9e en octobre 2011 pour d\u00e9mocratiser la po\u00e9sie vivante \u00e0 l\u2019aide d\u2019ateliers et de sc\u00e8nes d\u2019expression po\u00e9tique. Alternative Po\u00e9sie s\u2019inscrit dans un travail \u00e9ducatif, artistique, p\u00e9dagogique et culturel de promotion de la langue &hellip; <a href=\"https:\/\/www.willygex.com\/?page_id=767\">Lire la suite\u00ad\u00ad<\/a><\/p>\n","protected":false},"author":2,"featured_media":745,"parent":0,"menu_order":0,"comment_status":"closed","ping_status":"closed","template":"","meta":{"kt_blocks_editor_width":"","_EventAllDay":false,"_EventTimezone":"","_EventStartDate":"","_EventEndDate":"","_EventStartDateUTC":"","_EventEndDateUTC":"","_EventShowMap":false,"_EventShowMapLink":false,"_EventURL":"","_EventCost":"","_EventCostDescription":"","_EventCurrencySymbol":"","_EventCurrencyCode":"","_EventCurrencyPosition":"","_EventDateTimeSeparator":"","_EventTimeRangeSeparator":"","_EventOrganizerID":[],"_EventVenueID":[],"_OrganizerEmail":"","_OrganizerPhone":"","_OrganizerWebsite":"","_VenueAddress":"","_VenueCity":"","_VenueCountry":"","_VenueProvince":"","_VenueState":"","_VenueZip":"","_VenuePhone":"","_VenueURL":"","_VenueStateProvince":"","_VenueLat":"","_VenueLng":"","_VenueShowMap":false,"_VenueShowMapLink":false,"footnotes":""},"class_list":["post-767","page","type-page","status-publish","has-post-thumbnail","hentry"],"_links":{"self":[{"href":"https:\/\/www.willygex.com\/index.php?rest_route=\/wp\/v2\/pages\/767","targetHints":{"allow":["GET"]}}],"collection":[{"href":"https:\/\/www.willygex.com\/index.php?rest_route=\/wp\/v2\/pages"}],"about":[{"href":"https:\/\/www.willygex.com\/index.php?rest_route=\/wp\/v2\/types\/page"}],"author":[{"embeddable":true,"href":"https:\/\/www.willygex.com\/index.php?rest_route=\/wp\/v2\/users\/2"}],"replies":[{"embeddable":true,"href":"https:\/\/www.willygex.com\/index.php?rest_route=%2Fwp%2Fv2%2Fcomments&post=767"}],"version-history":[{"count":27,"href":"https:\/\/www.willygex.com\/index.php?rest_route=\/wp\/v2\/pages\/767\/revisions"}],"predecessor-version":[{"id":1162,"href":"https:\/\/www.willygex.com\/index.php?rest_route=\/wp\/v2\/pages\/767\/revisions\/1162"}],"wp:featuredmedia":[{"embeddable":true,"href":"https:\/\/www.willygex.com\/index.php?rest_route=\/wp\/v2\/media\/745"}],"wp:attachment":[{"href":"https:\/\/www.willygex.com\/index.php?rest_route=%2Fwp%2Fv2%2Fmedia&parent=767"}],"curies":[{"name":"wp","href":"https:\/\/api.w.org\/{rel}","templated":true}]}}